{"id":304,"date":"2021-03-05T04:06:06","date_gmt":"2021-03-05T03:06:06","guid":{"rendered":"https:\/\/toptecconstruction.fr\/?page_id=304"},"modified":"2021-03-25T17:05:49","modified_gmt":"2021-03-25T16:05:49","slug":"dalles-sur-plots","status":"publish","type":"page","link":"https:\/\/toptecconstruction.fr\/?page_id=304","title":{"rendered":"Dalles sur plots"},"content":{"rendered":"<p>[et_pb_section fb_built=\u00a0\u00bb1&Prime; admin_label=\u00a0\u00bbHero section\u00a0\u00bb _builder_version=\u00a0\u00bb4.9.1&Prime; use_background_color_gradient=\u00a0\u00bbon\u00a0\u00bb background_color_gradient_start=\u00a0\u00bb#ffffff\u00a0\u00bb background_color_gradient_end=\u00a0\u00bbrgba(0,0,0,0.41)\u00a0\u00bb background_image=\u00a0\u00bbhttps:\/\/toptecconstruction.fr\/wp-content\/uploads\/2021\/03\/31117823_513251002410515_5000533163367799300_n.jpg\u00a0\u00bb background_blend=\u00a0\u00bbmultiply\u00a0\u00bb background_enable_video_mp4=\u00a0\u00bboff\u00a0\u00bb max_height=\u00a0\u00bb750px\u00a0\u00bb custom_margin=\u00a0\u00bb|||\u00a0\u00bb custom_padding=\u00a0\u00bb10%||14%|\u00a0\u00bb][et_pb_row column_structure=\u00a0\u00bb2_3,1_3&Prime; _builder_version=\u00a0\u00bb4.9.1&Prime; custom_margin=\u00a0\u00bb-10px||||false|false\u00a0\u00bb][et_pb_column type=\u00a0\u00bb2_3&Prime; _builder_version=\u00a0\u00bb4.9.1&Prime; custom_padding=\u00a0\u00bb1px|||\u00a0\u00bb custom_padding__hover=\u00a0\u00bb|||\u00a0\u00bb][et_pb_cta title=\u00a0\u00bbDalles sur plots\u00a0\u00bb button_url=\u00a0\u00bb@ET-DC@eyJkeW5hbWljIjp0cnVlLCJjb250ZW50IjoicG9zdF9saW5rX3VybF9wYWdlIiwic2V0dGluZ3MiOnsicG9zdF9pZCI6IjY4In19@\u00a0\u00bb button_text=\u00a0\u00bbDemander un devis\u00a0\u00bb _builder_version=\u00a0\u00bb4.9.1&Prime; _dynamic_attributes=\u00a0\u00bbbutton_url\u00a0\u00bb header_level=\u00a0\u00bbh1&Prime; header_font=\u00a0\u00bbLato|900||on|||||\u00a0\u00bb header_font_size=\u00a0\u00bb60px\u00a0\u00bb header_letter_spacing=\u00a0\u00bb2px\u00a0\u00bb header_line_height=\u00a0\u00bb1.2em\u00a0\u00bb body_font=\u00a0\u00bbLato||||||||\u00a0\u00bb body_font_size=\u00a0\u00bb20px\u00a0\u00bb body_line_height=\u00a0\u00bb1.8em\u00a0\u00bb use_background_color=\u00a0\u00bboff\u00a0\u00bb custom_button=\u00a0\u00bbon\u00a0\u00bb button_text_size=\u00a0\u00bb16px\u00a0\u00bb button_text_color=\u00a0\u00bb#FFFFFF\u00a0\u00bb button_bg_color=\u00a0\u00bb#0c71c3&Prime; button_border_width=\u00a0\u00bb6px\u00a0\u00bb button_border_color=\u00a0\u00bbRGBA(0,0,0,0)\u00a0\u00bb button_border_radius=\u00a0\u00bb0px\u00a0\u00bb button_letter_spacing=\u00a0\u00bb2px\u00a0\u00bb button_font=\u00a0\u00bbLato|900||on|||||\u00a0\u00bb text_orientation=\u00a0\u00bbleft\u00a0\u00bb max_width=\u00a0\u00bb750px\u00a0\u00bb module_alignment=\u00a0\u00bbleft\u00a0\u00bb animation_style=\u00a0\u00bbfold\u00a0\u00bb animation_intensity_fold=\u00a0\u00bb16%\u00a0\u00bb header_font_size_tablet=\u00a0\u00bb46px\u00a0\u00bb header_font_size_phone=\u00a0\u00bb\u00a0\u00bb header_font_size_last_edited=\u00a0\u00bbon|tablet\u00a0\u00bb header_text_shadow_style=\u00a0\u00bbpreset1&Prime; header_text_shadow_blur_strength=\u00a0\u00bb0.6em\u00a0\u00bb header_text_shadow_color=\u00a0\u00bbrgba(0,0,0,0.6)\u00a0\u00bb box_shadow_style_button=\u00a0\u00bbpreset3&Prime; box_shadow_blur_button=\u00a0\u00bb30px\u00a0\u00bb box_shadow_spread_button=\u00a0\u00bb8px\u00a0\u00bb box_shadow_color_button=\u00a0\u00bbrgba(250,127,40,0.15)\u00a0\u00bb button_letter_spacing_hover=\u00a0\u00bb2px\u00a0\u00bb button_text_size__hover_enabled=\u00a0\u00bboff\u00a0\u00bb button_one_text_size__hover_enabled=\u00a0\u00bboff\u00a0\u00bb button_two_text_size__hover_enabled=\u00a0\u00bboff\u00a0\u00bb button_text_color__hover_enabled=\u00a0\u00bboff\u00a0\u00bb button_one_text_color__hover_enabled=\u00a0\u00bboff\u00a0\u00bb button_two_text_color__hover_enabled=\u00a0\u00bboff\u00a0\u00bb button_border_width__hover_enabled=\u00a0\u00bboff\u00a0\u00bb button_one_border_width__hover_enabled=\u00a0\u00bboff\u00a0\u00bb button_two_border_width__hover_enabled=\u00a0\u00bboff\u00a0\u00bb button_border_color__hover_enabled=\u00a0\u00bboff\u00a0\u00bb button_one_border_color__hover_enabled=\u00a0\u00bboff\u00a0\u00bb button_two_border_color__hover_enabled=\u00a0\u00bboff\u00a0\u00bb button_border_radius__hover_enabled=\u00a0\u00bboff\u00a0\u00bb button_one_border_radius__hover_enabled=\u00a0\u00bboff\u00a0\u00bb button_two_border_radius__hover_enabled=\u00a0\u00bboff\u00a0\u00bb button_letter_spacing__hover_enabled=\u00a0\u00bbon\u00a0\u00bb button_letter_spacing__hover=\u00a0\u00bb2px\u00a0\u00bb button_one_letter_spacing__hover_enabled=\u00a0\u00bboff\u00a0\u00bb button_two_letter_spacing__hover_enabled=\u00a0\u00bboff\u00a0\u00bb button_bg_color__hover_enabled=\u00a0\u00bboff\u00a0\u00bb button_one_bg_color__hover_enabled=\u00a0\u00bboff\u00a0\u00bb button_two_bg_color__hover_enabled=\u00a0\u00bboff\u00a0\u00bb]<\/p>\n<p>SARL TOPTEC, c&rsquo;est la r\u00e9f\u00e9rence dans le domaine du b\u00e2timent.<\/p>\n<p>[\/et_pb_cta][et_pb_button button_url=\u00a0\u00bb@ET-DC@eyJkeW5hbWljIjp0cnVlLCJjb250ZW50IjoicG9zdF9saW5rX3VybF9wYWdlIiwic2V0dGluZ3MiOnsicG9zdF9pZCI6IjY4In19@\u00a0\u00bb button_text=\u00a0\u00bbNous contacter\u00a0\u00bb button_alignment=\u00a0\u00bbleft\u00a0\u00bb _builder_version=\u00a0\u00bb4.9.1&Prime; _dynamic_attributes=\u00a0\u00bbbutton_url\u00a0\u00bb _module_preset=\u00a0\u00bbdefault\u00a0\u00bb custom_button=\u00a0\u00bbon\u00a0\u00bb button_text_size=\u00a0\u00bb20px\u00a0\u00bb button_text_color=\u00a0\u00bb#FFFFFF\u00a0\u00bb button_bg_color=\u00a0\u00bb#000000&Prime; button_border_width=\u00a0\u00bb0px\u00a0\u00bb button_border_radius=\u00a0\u00bb0px\u00a0\u00bb button_icon=\u00a0\u00bb%%3%%\u00a0\u00bb][\/et_pb_button][\/et_pb_column][et_pb_column type=\u00a0\u00bb1_3&Prime; _builder_version=\u00a0\u00bb3.25&Prime; custom_padding=\u00a0\u00bb|||\u00a0\u00bb custom_padding__hover=\u00a0\u00bb|||\u00a0\u00bb][et_pb_text disabled_on=\u00a0\u00bbon|on|off\u00a0\u00bb _builder_version=\u00a0\u00bb4.9.1&Prime; text_font=\u00a0\u00bbLato||||||||\u00a0\u00bb text_text_color=\u00a0\u00bb#0C71C3&Prime; text_font_size=\u00a0\u00bb15px\u00a0\u00bb text_line_height=\u00a0\u00bb2em\u00a0\u00bb link_font=\u00a0\u00bb||||||||\u00a0\u00bb link_text_color=\u00a0\u00bb#0C71C3&Prime; header_font=\u00a0\u00bb||||||||\u00a0\u00bb header_text_color=\u00a0\u00bb#000000&Prime; header_2_font=\u00a0\u00bbLato||||||||\u00a0\u00bb header_3_font=\u00a0\u00bbLato|700|||||||\u00a0\u00bb header_3_text_color=\u00a0\u00bb#000000&Prime; header_3_font_size=\u00a0\u00bb23px\u00a0\u00bb header_3_line_height=\u00a0\u00bb1.5em\u00a0\u00bb background_color=\u00a0\u00bbrgba(226,226,226,0.72)\u00a0\u00bb background_layout=\u00a0\u00bbdark\u00a0\u00bb custom_margin=\u00a0\u00bb0%||-20px||false|false\u00a0\u00bb custom_margin_tablet=\u00a0\u00bb40px|||\u00a0\u00bb custom_margin_phone=\u00a0\u00bb100px||||false|false\u00a0\u00bb custom_margin_last_edited=\u00a0\u00bbon|tablet\u00a0\u00bb custom_padding=\u00a0\u00bb30px|30px|40px|30px\u00a0\u00bb custom_padding_tablet=\u00a0\u00bb\u00a0\u00bb custom_padding_phone=\u00a0\u00bb\u00a0\u00bb custom_padding_last_edited=\u00a0\u00bbon|tablet\u00a0\u00bb animation_style=\u00a0\u00bbfold\u00a0\u00bb animation_delay=\u00a0\u00bb100ms\u00a0\u00bb border_color_all=\u00a0\u00bb#fa7f28&Prime; border_width_top=\u00a0\u00bb6px\u00a0\u00bb border_color_top=\u00a0\u00bb#0C71C3&Prime; locked=\u00a0\u00bboff\u00a0\u00bb]<\/p>\n<h3><span style=\"color: #0c71c3;\">Contact<\/span><\/h3>\n<p><strong><img loading=\"lazy\" src=\"https:\/\/toptecconstruction.fr\/wp-content\/uploads\/2021\/03\/kisspng-mobile-phones-computer-icons-telephone-prepay-mobi-mobile-phone-icon-phone-telephone-icon-5ab06601d2c4e3.4312204815215098898633-1.png\" width=\"16\" height=\"17\" alt=\"\" class=\"wp-image-48 alignnone size-full\" srcset=\"https:\/\/toptecconstruction.fr\/wp-content\/uploads\/2021\/03\/kisspng-mobile-phones-computer-icons-telephone-prepay-mobi-mobile-phone-icon-phone-telephone-icon-5ab06601d2c4e3.4312204815215098898633-1.png 244w, https:\/\/toptecconstruction.fr\/wp-content\/uploads\/2021\/03\/kisspng-mobile-phones-computer-icons-telephone-prepay-mobi-mobile-phone-icon-phone-telephone-icon-5ab06601d2c4e3.4312204815215098898633-1-150x150.png 150w\" sizes=\"(max-width: 16px) 100vw, 16px\" \/> \u00a006 26 53 87 54 \/ 09 81 13 89 69<\/strong><\/p>\n<p><strong><img loading=\"lazy\" src=\"https:\/\/toptecconstruction.fr\/wp-content\/uploads\/2021\/03\/5a359002ce50d5.3263382315134597148451-300x214.png\" width=\"20\" height=\"14\" alt=\"\" class=\"wp-image-51 alignnone size-medium\" \/><a href=\"mailto:sarltoptec@gmail.com\">\u00a0 sarltoptec@gmail.com<\/a><\/strong><\/p>\n<p><strong><img loading=\"lazy\" src=\"https:\/\/toptecconstruction.fr\/wp-content\/uploads\/2021\/03\/kisspng-map-location-clip-art-5ae0c4ab79d972.0013836515246798514991-300x300.png\" width=\"20\" height=\"20\" alt=\"\" class=\"wp-image-46 alignnone size-medium\" \/>79 Avenue de la Cour de France, 91260\u00a0 JUVISY-SUR-ORGE<\/strong><span><br \/><\/span><\/p>\n<p>[\/et_pb_text][et_pb_button button_url=\u00a0\u00bb@ET-DC@eyJkeW5hbWljIjp0cnVlLCJjb250ZW50IjoicG9zdF9saW5rX3VybF9wYWdlIiwic2V0dGluZ3MiOnsicG9zdF9pZCI6IjY4In19@\u00a0\u00bb button_text=\u00a0\u00bbNous contacter\u00a0\u00bb button_alignment=\u00a0\u00bbleft\u00a0\u00bb disabled_on=\u00a0\u00bbon|on|off\u00a0\u00bb _builder_version=\u00a0\u00bb4.9.1&Prime; _dynamic_attributes=\u00a0\u00bbbutton_url\u00a0\u00bb custom_button=\u00a0\u00bbon\u00a0\u00bb button_text_size=\u00a0\u00bb12px\u00a0\u00bb button_text_color=\u00a0\u00bb#0C71C3&Prime; button_bg_color=\u00a0\u00bb#ffffff\u00a0\u00bb button_border_width=\u00a0\u00bb0px\u00a0\u00bb button_border_radius=\u00a0\u00bb0px\u00a0\u00bb button_letter_spacing=\u00a0\u00bb1px\u00a0\u00bb button_font=\u00a0\u00bbLato|700||on|||||\u00a0\u00bb button_icon=\u00a0\u00bb%%20%%\u00a0\u00bb background_layout=\u00a0\u00bbdark\u00a0\u00bb custom_margin=\u00a0\u00bb|||30px\u00a0\u00bb custom_padding=\u00a0\u00bb8px||8px|\u00a0\u00bb animation_style=\u00a0\u00bbfold\u00a0\u00bb animation_delay=\u00a0\u00bb100ms\u00a0\u00bb button_letter_spacing_hover=\u00a0\u00bb1px\u00a0\u00bb locked=\u00a0\u00bboff\u00a0\u00bb button_text_size__hover_enabled=\u00a0\u00bboff\u00a0\u00bb button_one_text_size__hover_enabled=\u00a0\u00bboff\u00a0\u00bb button_two_text_size__hover_enabled=\u00a0\u00bboff\u00a0\u00bb button_text_color__hover_enabled=\u00a0\u00bboff\u00a0\u00bb button_one_text_color__hover_enabled=\u00a0\u00bboff\u00a0\u00bb button_two_text_color__hover_enabled=\u00a0\u00bboff\u00a0\u00bb button_border_width__hover_enabled=\u00a0\u00bboff\u00a0\u00bb button_one_border_width__hover_enabled=\u00a0\u00bboff\u00a0\u00bb button_two_border_width__hover_enabled=\u00a0\u00bboff\u00a0\u00bb button_border_color__hover_enabled=\u00a0\u00bboff\u00a0\u00bb button_one_border_color__hover_enabled=\u00a0\u00bboff\u00a0\u00bb button_two_border_color__hover_enabled=\u00a0\u00bboff\u00a0\u00bb button_border_radius__hover_enabled=\u00a0\u00bboff\u00a0\u00bb button_one_border_radius__hover_enabled=\u00a0\u00bboff\u00a0\u00bb button_two_border_radius__hover_enabled=\u00a0\u00bboff\u00a0\u00bb button_letter_spacing__hover_enabled=\u00a0\u00bbon\u00a0\u00bb button_letter_spacing__hover=\u00a0\u00bb1px\u00a0\u00bb button_one_letter_spacing__hover_enabled=\u00a0\u00bboff\u00a0\u00bb button_two_letter_spacing__hover_enabled=\u00a0\u00bboff\u00a0\u00bb button_bg_color__hover_enabled=\u00a0\u00bboff\u00a0\u00bb button_one_bg_color__hover_enabled=\u00a0\u00bboff\u00a0\u00bb button_two_bg_color__hover_enabled=\u00a0\u00bboff\u00a0\u00bb][\/et_pb_button][\/et_pb_column][\/et_pb_row][\/et_pb_section][et_pb_section fb_built=\u00a0\u00bb1&Prime; _builder_version=\u00a0\u00bb4.9.1&Prime; _module_preset=\u00a0\u00bbdefault\u00a0\u00bb][et_pb_row _builder_version=\u00a0\u00bb4.9.1&Prime; _module_preset=\u00a0\u00bbdefault\u00a0\u00bb][et_pb_column type=\u00a0\u00bb4_4&Prime; _builder_version=\u00a0\u00bb4.9.1&Prime; _module_preset=\u00a0\u00bbdefault\u00a0\u00bb][et_pb_text _builder_version=\u00a0\u00bb4.9.1&Prime; _module_preset=\u00a0\u00bbdefault\u00a0\u00bb]<\/p>\n<div class=\"elementor-element elementor-element-66c2354 elementor-widget elementor-widget-buildbench-title\" data-id=\"66c2354\" data-element_type=\"widget\" data-widget_type=\"buildbench-title.default\">\n<div class=\"elementor-widget-container\">\n<div class=\"section-heading-content\">\n<h1 class=\"et_pb_module_header et-fb-editable-element et-fb-editable-element__editing\" data-shortcode-id=\"0.0.0.0-1614913767710\" data-quickaccess-id=\"header\" contenteditable=\"true\">DALLES SUR PLOTS<\/h1>\n<\/div>\n<\/div>\n<\/div>\n<div class=\"elementor-element elementor-element-bc51990 elementor-widget elementor-widget-text-editor\" data-id=\"bc51990\" data-element_type=\"widget\" data-widget_type=\"text-editor.default\">\n<div class=\"elementor-widget-container\">\n<div class=\"elementor-text-editor elementor-clearfix\">\n<div class=\"project-details-title\">\n<div class=\"page\" title=\"Page 1\">\n<div class=\"layoutArea\">\n<div class=\"column\">\n<p><span style=\"font-size: 14px;\"><span>Ce syst\u00e8me consiste \u00e0 poser le rev\u00eatement de sol sur des plots, les joints entre \u00e9l\u00e9ments \u00e9tant laiss\u00e9s ouverts pour y permettre l&rsquo;\u00e9vacuation des eaux pluviales.<\/span> <\/span><\/p>\n<p><span style=\"font-size: 14px;\"><span>Les al\u00e9as climatiques ont des cons\u00e9quences n\u00e9fastes sur les terrasses. En fait, cette derni\u00e8re a tendance \u00e0 s\u2019endommager sous l\u2019effet de la pluie et de la neige, causant de graves probl\u00e8mes d\u2019humidit\u00e9 sur plusieurs pi\u00e8ces du b\u00e2timent.<\/span><\/span><\/p>\n<p><span style=\"font-size: 14px;\"><span>Pour se pr\u00e9munir de ce d\u00e9sagr\u00e9ment, il faut n\u00e9cessairement songer \u00e0 y installer des dalles sur plot. C\u2019est la solution id\u00e9ale pour garantir une grande long\u00e9vit\u00e9 \u00e0 votre espace ext\u00e9rieur.<\/span><\/span><\/p>\n<p><span style=\"font-size: 14px;\"><span><\/span><\/span><\/p>\n<div>Travaux pose des dalles sur plots \u00a0dalles en beton ou en bois<\/div>\n<div>Travaux pose des \u00a0dalles \u00a0murailles\u00a0<\/div>\n<div>Travaux pose des bordure<\/div>\n<p>&nbsp;<\/p>\n<div class=\"page\" title=\"Page 1\">\n<div class=\"layoutArea\">\n<div class=\"column\"><\/div>\n<\/div>\n<\/div>\n<\/div>\n<\/div>\n<\/div>\n<\/div>\n<\/div>\n<\/div>\n<\/div>\n<p>[\/et_pb_text][\/et_pb_column][\/et_pb_row][\/et_pb_section][et_pb_section fb_built=\u00a0\u00bb1&Prime; _builder_version=\u00a0\u00bb4.9.1&Prime; _module_preset=\u00a0\u00bbdefault\u00a0\u00bb][et_pb_row column_structure=\u00a0\u00bb1_2,1_2&Prime; _builder_version=\u00a0\u00bb4.9.1&Prime; _module_preset=\u00a0\u00bbdefault\u00a0\u00bb][et_pb_column type=\u00a0\u00bb1_2&Prime; _builder_version=\u00a0\u00bb4.9.1&Prime; _module_preset=\u00a0\u00bbdefault\u00a0\u00bb][et_pb_image src=\u00a0\u00bbhttps:\/\/toptecconstruction.fr\/wp-content\/uploads\/2021\/03\/27072740_477258889343060_51511476176474227_n-1.jpg\u00a0\u00bb title_text=\u00a0\u00bb27072740_477258889343060_51511476176474227_n (1)\u00a0\u00bb _builder_version=\u00a0\u00bb4.9.1&Prime; _module_preset=\u00a0\u00bbdefault\u00a0\u00bb][\/et_pb_image][et_pb_image src=\u00a0\u00bbhttps:\/\/toptecconstruction.fr\/wp-content\/uploads\/2021\/03\/Sans-titre-34.png\u00a0\u00bb title_text=\u00a0\u00bbSans titre (34)\u00a0\u00bb _builder_version=\u00a0\u00bb4.9.1&Prime; _module_preset=\u00a0\u00bbdefault\u00a0\u00bb][\/et_pb_image][\/et_pb_column][et_pb_column type=\u00a0\u00bb1_2&Prime; _builder_version=\u00a0\u00bb4.9.1&Prime; _module_preset=\u00a0\u00bbdefault\u00a0\u00bb][et_pb_image src=\u00a0\u00bbhttps:\/\/toptecconstruction.fr\/wp-content\/uploads\/2021\/03\/31117823_513251002410515_5000533163367799300_n.jpg\u00a0\u00bb title_text=\u00a0\u00bb31117823_513251002410515_5000533163367799300_n\u00a0\u00bb _builder_version=\u00a0\u00bb4.9.1&Prime; _module_preset=\u00a0\u00bbdefault\u00a0\u00bb][\/et_pb_image][et_pb_image src=\u00a0\u00bbhttps:\/\/toptecconstruction.fr\/wp-content\/uploads\/2021\/03\/Sans-titre-38.png\u00a0\u00bb title_text=\u00a0\u00bbSans titre (38)\u00a0\u00bb _builder_version=\u00a0\u00bb4.9.1&Prime; _module_preset=\u00a0\u00bbdefault\u00a0\u00bb][\/et_pb_image][\/et_pb_column][\/et_pb_row][et_pb_row column_structure=\u00a0\u00bb1_2,1_2&Prime; _builder_version=\u00a0\u00bb4.9.1&Prime; _module_preset=\u00a0\u00bbdefault\u00a0\u00bb][et_pb_column type=\u00a0\u00bb1_2&Prime; _builder_version=\u00a0\u00bb4.9.1&Prime; _module_preset=\u00a0\u00bbdefault\u00a0\u00bb][et_pb_image src=\u00a0\u00bbhttps:\/\/toptecconstruction.fr\/wp-content\/uploads\/2021\/03\/Sans-titre-36.png\u00a0\u00bb title_text=\u00a0\u00bbSans titre (36)\u00a0\u00bb _builder_version=\u00a0\u00bb4.9.1&Prime; _module_preset=\u00a0\u00bbdefault\u00a0\u00bb][\/et_pb_image][\/et_pb_column][et_pb_column type=\u00a0\u00bb1_2&Prime; _builder_version=\u00a0\u00bb4.9.1&Prime; _module_preset=\u00a0\u00bbdefault\u00a0\u00bb][et_pb_image src=\u00a0\u00bbhttps:\/\/toptecconstruction.fr\/wp-content\/uploads\/2021\/03\/Sans-titre-37.png\u00a0\u00bb title_text=\u00a0\u00bbSans titre (37)\u00a0\u00bb _builder_version=\u00a0\u00bb4.9.1&Prime; _module_preset=\u00a0\u00bbdefault\u00a0\u00bb][\/et_pb_image][\/et_pb_column][\/et_pb_row][\/et_pb_section]<\/p>\n","protected":false},"excerpt":{"rendered":"<p>[et_pb_section fb_built=\u00a0\u00bb1&Prime; admin_label=\u00a0\u00bbHero section\u00a0\u00bb _builder_version=\u00a0\u00bb4.9.1&Prime; use_background_color_gradient=\u00a0\u00bbon\u00a0\u00bb background_color_gradient_start=\u00a0\u00bb#ffffff\u00a0\u00bb background_color_gradient_end=\u00a0\u00bbrgba(0,0,0,0.41)\u00a0\u00bb background_image=\u00a0\u00bbhttps:\/\/toptecconstruction.fr\/wp-content\/uploads\/2021\/03\/31117823_513251002410515_5000533163367799300_n.jpg\u00a0\u00bb background_blend=\u00a0\u00bbmultiply\u00a0\u00bb background_enable_video_mp4=\u00a0\u00bboff\u00a0\u00bb max_height=\u00a0\u00bb750px\u00a0\u00bb custom_margin=\u00a0\u00bb|||\u00a0\u00bb custom_padding=\u00a0\u00bb10%||14%|\u00a0\u00bb][et_pb_row column_structure=\u00a0\u00bb2_3,1_3&Prime; _builder_version=\u00a0\u00bb4.9.1&Prime; custom_margin=\u00a0\u00bb-10px||||false|false\u00a0\u00bb][et_pb_column type=\u00a0\u00bb2_3&Prime; _builder_version=\u00a0\u00bb4.9.1&Prime; custom_padding=\u00a0\u00bb1px|||\u00a0\u00bb custom_padding__hover=\u00a0\u00bb|||\u00a0\u00bb][et_pb_cta title=\u00a0\u00bbDalles sur plots\u00a0\u00bb button_url=\u00a0\u00bb@ET-DC@eyJkeW5hbWljIjp0cnVlLCJjb250ZW50IjoicG9zdF9saW5rX3VybF9wYWdlIiwic2V0dGluZ3MiOnsicG9zdF9pZCI6IjY4In19@\u00a0\u00bb button_text=\u00a0\u00bbDemander un devis\u00a0\u00bb _builder_version=\u00a0\u00bb4.9.1&Prime; _dynamic_attributes=\u00a0\u00bbbutton_url\u00a0\u00bb header_level=\u00a0\u00bbh1&Prime; header_font=\u00a0\u00bbLato|900||on|||||\u00a0\u00bb header_font_size=\u00a0\u00bb60px\u00a0\u00bb header_letter_spacing=\u00a0\u00bb2px\u00a0\u00bb header_line_height=\u00a0\u00bb1.2em\u00a0\u00bb body_font=\u00a0\u00bbLato||||||||\u00a0\u00bb body_font_size=\u00a0\u00bb20px\u00a0\u00bb body_line_height=\u00a0\u00bb1.8em\u00a0\u00bb use_background_color=\u00a0\u00bboff\u00a0\u00bb custom_button=\u00a0\u00bbon\u00a0\u00bb button_text_size=\u00a0\u00bb16px\u00a0\u00bb button_text_color=\u00a0\u00bb#FFFFFF\u00a0\u00bb button_bg_color=\u00a0\u00bb#0c71c3&Prime; button_border_width=\u00a0\u00bb6px\u00a0\u00bb button_border_color=\u00a0\u00bbRGBA(0,0,0,0)\u00a0\u00bb button_border_radius=\u00a0\u00bb0px\u00a0\u00bb button_letter_spacing=\u00a0\u00bb2px\u00a0\u00bb button_font=\u00a0\u00bbLato|900||on|||||\u00a0\u00bb text_orientation=\u00a0\u00bbleft\u00a0\u00bb max_width=\u00a0\u00bb750px\u00a0\u00bb module_alignment=\u00a0\u00bbleft\u00a0\u00bb animation_style=\u00a0\u00bbfold\u00a0\u00bb animation_intensity_fold=\u00a0\u00bb16%\u00a0\u00bb header_font_size_tablet=\u00a0\u00bb46px\u00a0\u00bb header_font_size_phone=\u00a0\u00bb\u00a0\u00bb [&hellip;]<\/p>\n","protected":false},"author":1,"featured_media":0,"parent":0,"menu_order":0,"comment_status":"closed","ping_status":"closed","template":"","meta":{"_et_pb_use_builder":"on","_et_pb_old_content":"","_et_gb_content_width":""},"_links":{"self":[{"href":"https:\/\/toptecconstruction.fr\/index.php?rest_route=\/wp\/v2\/pages\/304"}],"collection":[{"href":"https:\/\/toptecconstruction.fr\/index.php?rest_route=\/wp\/v2\/pages"}],"about":[{"href":"https:\/\/toptecconstruction.fr\/index.php?rest_route=\/wp\/v2\/types\/page"}],"author":[{"embeddable":true,"href":"https:\/\/toptecconstruction.fr\/index.php?rest_route=\/wp\/v2\/users\/1"}],"replies":[{"embeddable":true,"href":"https:\/\/toptecconstruction.fr\/index.php?rest_route=%2Fwp%2Fv2%2Fcomments&post=304"}],"version-history":[{"count":11,"href":"https:\/\/toptecconstruction.fr\/index.php?rest_route=\/wp\/v2\/pages\/304\/revisions"}],"predecessor-version":[{"id":584,"href":"https:\/\/toptecconstruction.fr\/index.php?rest_route=\/wp\/v2\/pages\/304\/revisions\/584"}],"wp:attachment":[{"href":"https:\/\/toptecconstruction.fr\/index.php?rest_route=%2Fwp%2Fv2%2Fmedia&parent=304"}],"curies":[{"name":"wp","href":"https:\/\/api.w.org\/{rel}","templated":true}]}}